{"id":3299,"date":"2024-04-01T12:19:21","date_gmt":"2024-04-01T18:19:21","guid":{"rendered":"https:\/\/www.southomahachildrensdentist.com\/?page_id=3299"},"modified":"2024-08-14T12:01:54","modified_gmt":"2024-08-14T18:01:54","slug":"dentista-general-para-ninos","status":"publish","type":"page","link":"https:\/\/www.southomahachildrensdentist.com\/es\/services\/general-dentist-for-children\/","title":{"rendered":"Dentista General para Ni\u00f1os"},"content":{"rendered":"<h2>Dentista General para Ni\u00f1os en Omaha, NE<\/h2>\n<p>\u00bfQu\u00e9 es un dentista general? Un dentista general obtiene el t\u00edtulo de DDS o DMD antes de obtener la licencia para ejercer. Esta formaci\u00f3n incluye el aprendizaje de una amplia gama de diagn\u00f3sticos y tratamientos de salud bucodental tanto para ni\u00f1os como para adultos.<\/p>\n<p>Nuestro equipo de dentistas generales e higienistas especializados en ni\u00f1os invierte en las relaciones con nuestros j\u00f3venes pacientes y sus padres. Todo forma parte de lo que llamamos la Kidsperience.<\/p>\n<p>Nos asociaremos con usted para ayudar a sus hijos a aprender a hacer de la higiene dental diaria una rutina divertida, gratificante y regular. Estos h\u00e1bitos no s\u00f3lo ayudar\u00e1n a su hijo a prevenir las caries y las enfermedades de las enc\u00edas ahora, sino que sabemos que los ni\u00f1os a los que se les ense\u00f1a a practicar una buena salud bucal est\u00e1n preparados para convertirse en adultos que dan prioridad a la salud bucal. Por eso nuestra misi\u00f3n es crear h\u00e1bitos saludables que duren toda la vida. La inversi\u00f3n que haga hoy dar\u00e1 sus frutos durante toda la vida de sus hijos.<\/p>\n<blockquote>\n<h5><em> <img loading=\"lazy\" decoding=\"async\" class=\"alignnone wp-image-3764\" src=\"https:\/\/www.southomahachildrensdentist.com\/wp-content\/uploads\/2024\/08\/lightbulb.png\" alt=\"\" width=\"35\" height=\"35\" \/>\u00bfSAB\u00cdAS QU\u00c9? <\/em><\/h5>\n<p>La primera mujer dentista se licenci\u00f3 en 1866. Adem\u00e1s de ser dentista, la Dra. Lucy Hobbs tambi\u00e9n era maestra de escuela y le encantaba cuidar a los ni\u00f1os.<\/p><\/blockquote>\n<h2>Cu\u00e1ndo concertar una cita con el dentista general de su hijo<\/h2>\n<p>\u00bfCon qu\u00e9 frecuencia debe acudir su hijo al dentista? Dos veces al a\u00f1o. <a href=\"\/es\/servicios\/cuidado-dental-preventivo\/examenes-dentales-para-ninos\/\">Las revisiones<\/a> y <a href=\"\/es\/servicios\/cuidado-dental-preventivo\/limpiezas-dentales-para-ninos\/\">limpiezas semestrales<\/a> son importantes porque nos permiten controlar la salud bucodental del paciente, incluida la salud dental, ortod\u00f3ncica y periodontal (enc\u00edas). Con las radiograf\u00edas y los ex\u00e1menes, tambi\u00e9n conocidos como revisiones, el dentista de su hijo desarrollar\u00e1 un plan para restaurar cualquier da\u00f1o.<\/p>\n<p>Junto con las revisiones semestrales, tus hijos necesitan una limpieza dental profesional cada seis meses. Una limpieza dental consiste en que el higienista inspeccione el tejido de las enc\u00edas en busca de signos de gingivitis (enfermedad de las enc\u00edas) y elimine toda la placa, el sarro y los restos de los dientes de tu hijo.<\/p>\n<p>Dado que las hormonas, la dieta y los h\u00e1bitos diarios de higiene bucal influyen en la salud de las enc\u00edas, los ni\u00f1os corren el riesgo de desarrollar gingivitis. Los s\u00edntomas incluyen enrojecimiento e inflamaci\u00f3n de las enc\u00edas, mal aliento persistente y sangrado de las enc\u00edas durante el cepillado y el uso del hilo dental. Si estos s\u00edntomas se desarrollan, debe programar una visita para que podamos hacer un diagn\u00f3stico preciso y proporcionar tratamiento.<\/p>\n<p>Estas son las razones para programar una visita al dentista general para su hijo:<\/p>\n<ul>\n<li>Limpieza y examen semestral<\/li>\n<li>Observa anomal\u00edas en el desarrollo de los dientes o en la salud bucodental<\/li>\n<li>Presencias s\u00edntomas de gingivitis<\/li>\n<li>Su hijo se queja de dolor de muelas<\/li>\n<li>Seguir un plan de tratamiento<\/li>\n<\/ul>\n<h2>Qu\u00e9 esperar de la visita al dentista de su hijo<\/h2>\n<p>Desde el momento de programar la cita de su hijo, usted experimentar\u00e1 nuestra dedicaci\u00f3n a dar la bienvenida, alentar e informar a nuestros pacientes y padres. Nuestro Omaha, NE, oficina dental de los ni\u00f1os est\u00e1 equipada con actividades divertidas y decoradas para hacer que sus peque\u00f1os se sientan importantes.<\/p>\n<ul>\n<li><strong>PREP\u00c1RESE:<\/strong> Aseg\u00farese de traer su tarjeta de seguro, identificaci\u00f3n y cualquier registro dental que tenga a mano a la cita inicial. Completar nuestros formularios de registro en l\u00ednea le ahorrar\u00e1 tiempo durante la visita. Tenga en cuenta que aceptamos la mayor\u00eda de los principales seguros, as\u00ed como Medicaid.<\/li>\n<li><strong>EXPERIENCIA:<\/strong>\u00a0 Your child\u2019s dental visit is designed to be a positive and engaging experience, which we call the Kidsperience. We encourage parents to ask questions and share any concerns with the general dentist so we can tailor your child\u2019s care. Our team is dedicated to providing dental care and education using age-appropriate strategies to ensure the best possible Kidsperience.<\/li>\n<li><strong>ANTES DEL ADI\u00d3S:<\/strong> Antes de salir de la visita, el dentista le explicar\u00e1 sus hallazgos y le presentar\u00e1 las opciones de tratamiento, si fuera necesario. Nuestro especialista en seguros le explicar\u00e1 la cobertura de su hijo y los gastos de su bolsillo. A continuaci\u00f3n, puede programar visitas de seguimiento si su hijo necesita tratamiento.<\/li>\n<\/ul>\n<h2>Programe hoy mismo la cita con el dentista de su hijo<\/h2>\n<p>Para la mejor Kidsperience en Omaha, NE, llame hoy para programar la visita dental de su hijo con nuestro personal de habla Ingl\u00e9s y Espa\u00f1ol. Nuestra oficina est\u00e1 dise\u00f1ada para deleitar y animar a los ni\u00f1os y los padres. \u00a1Podemos proporcionar un alcance completo de la atenci\u00f3n dental apropiada para la edad y la educaci\u00f3n de sus peque\u00f1os favoritos!<\/p>","protected":false},"excerpt":{"rendered":"<p>The general dentists at Children&#8217;s Dentistry of South Omaha focus on treating only children and teens, from the eruption of a first tooth into the college years. We will work diligently to help your kiddos enjoy a beautiful smile, comfortable oral function, and excellent oral health.<\/p>","protected":false},"author":2,"featured_media":3307,"parent":45,"menu_order":0,"comment_status":"closed","ping_status":"closed","template":"","meta":{"_et_pb_use_builder":"off","_et_pb_old_content":"","_et_gb_content_width":"","_monsterinsights_skip_tracking":false,"_monsterinsights_sitenote_active":false,"_monsterinsights_sitenote_note":"","_monsterinsights_sitenote_category":0,"footnotes":""},"class_list":["post-3299","page","type-page","status-publish","has-post-thumbnail","hentry"],"aioseo_notices":[],"aioseo_head":"\n\t\t<!-- All in One SEO Pro 4.9.5.2 - aioseo.com -->\n\t<meta name=\"description\" content=\"The general dentists at Children&#039;s Dentistry of South Omaha will work diligently to help your child enjoy a beautiful smile, comfortable oral function, and excellent oral health.\" \/>\n\t<meta name=\"robots\" content=\"max-image-preview:large\" \/>\n\t<meta name=\"google-site-verification\" content=\"ZiF1GVPDY2HH-J3uifr9ZNTDica4TPOP0TOsFOAs2Jw\" \/>\n\t<link rel=\"canonical\" href=\"https:\/\/www.southomahachildrensdentist.com\/es\/services\/general-dentist-for-children\/\" \/>\n\t<meta name=\"generator\" content=\"All in One SEO Pro (AIOSEO) 4.9.5.2\" \/>\n\t\t<meta property=\"og:locale\" content=\"es_MX\" \/>\n\t\t<meta property=\"og:site_name\" content=\"Children&#039;s Dentistry of South Omaha | Our dental office is devoted to serving our community and ensuring everyone has affordable access to dental care. We have several payment options available in addition to dental insurance, including Medicaid and CareCredit.\" \/>\n\t\t<meta property=\"og:type\" content=\"company\" \/>\n\t\t<meta property=\"og:title\" content=\"General Dentist for Children in Omaha | Children&#039;s Dentistry of South Omaha\" \/>\n\t\t<meta property=\"og:description\" content=\"The general dentists at Children&#039;s Dentistry of South Omaha will work diligently to help your child enjoy a beautiful smile, comfortable oral function, and excellent oral health.\" \/>\n\t\t<meta property=\"og:url\" content=\"https:\/\/www.southomahachildrensdentist.com\/es\/services\/general-dentist-for-children\/\" \/>\n\t\t<meta property=\"og:image\" content=\"https:\/\/www.southomahachildrensdentist.com\/wp-content\/uploads\/2024\/04\/MotherandSonOutdoors.jpg\" \/>\n\t\t<meta property=\"og:image:secure_url\" content=\"https:\/\/www.southomahachildrensdentist.com\/wp-content\/uploads\/2024\/04\/MotherandSonOutdoors.jpg\" \/>\n\t\t<meta property=\"og:image:width\" content=\"600\" \/>\n\t\t<meta property=\"og:image:height\" content=\"600\" \/>\n\t\t<meta name=\"twitter:card\" content=\"summary_large_image\" \/>\n\t\t<meta name=\"twitter:title\" content=\"General Dentist for Children in Omaha | Children&#039;s Dentistry of South Omaha\" \/>\n\t\t<meta name=\"twitter:description\" content=\"The general dentists at Children&#039;s Dentistry of South Omaha will work diligently to help your child enjoy a beautiful smile, comfortable oral function, and excellent oral health.\" \/>\n\t\t<meta name=\"twitter:image\" content=\"https:\/\/www.southomahachildrensdentist.com\/wp-content\/uploads\/2024\/08\/Childrens-Dentistry-South-Omaha-2021-Horizontal-02.webp\" \/>\n\t\t<script type=\"application\/ld+json\" class=\"aioseo-schema\">\n\t\t\t{\"@context\":\"https:\\\/\\\/schema.org\",\"@graph\":[{\"@type\":\"BreadcrumbList\",\"@id\":\"https:\\\/\\\/www.southomahachildrensdentist.com\\\/es\\\/services\\\/general-dentist-for-children\\\/#breadcrumblist\",\"itemListElement\":[{\"@type\":\"ListItem\",\"@id\":\"https:\\\/\\\/www.southomahachildrensdentist.com\\\/es#listItem\",\"position\":1,\"name\":\"Home\",\"item\":\"https:\\\/\\\/www.southomahachildrensdentist.com\\\/es\",\"nextItem\":{\"@type\":\"ListItem\",\"@id\":\"https:\\\/\\\/www.southomahachildrensdentist.com\\\/es\\\/services\\\/#listItem\",\"name\":\"Services\"}},{\"@type\":\"ListItem\",\"@id\":\"https:\\\/\\\/www.southomahachildrensdentist.com\\\/es\\\/services\\\/#listItem\",\"position\":2,\"name\":\"Services\",\"item\":\"https:\\\/\\\/www.southomahachildrensdentist.com\\\/es\\\/services\\\/\",\"nextItem\":{\"@type\":\"ListItem\",\"@id\":\"https:\\\/\\\/www.southomahachildrensdentist.com\\\/es\\\/services\\\/general-dentist-for-children\\\/#listItem\",\"name\":\"General Dentist for Children\"},\"previousItem\":{\"@type\":\"ListItem\",\"@id\":\"https:\\\/\\\/www.southomahachildrensdentist.com\\\/es#listItem\",\"name\":\"Home\"}},{\"@type\":\"ListItem\",\"@id\":\"https:\\\/\\\/www.southomahachildrensdentist.com\\\/es\\\/services\\\/general-dentist-for-children\\\/#listItem\",\"position\":3,\"name\":\"General Dentist for Children\",\"previousItem\":{\"@type\":\"ListItem\",\"@id\":\"https:\\\/\\\/www.southomahachildrensdentist.com\\\/es\\\/services\\\/#listItem\",\"name\":\"Services\"}}]},{\"@type\":\"Organization\",\"@id\":\"https:\\\/\\\/www.southomahachildrensdentist.com\\\/es\\\/#organization\",\"name\":\"Children's Dentistry of South Omaha\",\"description\":\"Our dental office is devoted to serving our community and ensuring everyone has affordable access to dental care. We have several payment options available in addition to dental insurance, including Medicaid and CareCredit.\",\"url\":\"https:\\\/\\\/www.southomahachildrensdentist.com\\\/es\\\/\",\"email\":\"info@childrensdentistrysouthomaha.com\",\"telephone\":\"+14029325553\",\"logo\":{\"@type\":\"ImageObject\",\"url\":\"https:\\\/\\\/www.southomahachildrensdentist.com\\\/wp-content\\\/uploads\\\/2024\\\/08\\\/Childrens-Dentistry-South-Omaha-2021-Horizontal-02.webp\",\"@id\":\"https:\\\/\\\/www.southomahachildrensdentist.com\\\/es\\\/services\\\/general-dentist-for-children\\\/#organizationLogo\",\"width\":400,\"height\":100},\"image\":{\"@id\":\"https:\\\/\\\/www.southomahachildrensdentist.com\\\/es\\\/services\\\/general-dentist-for-children\\\/#organizationLogo\"},\"sameAs\":[\"https:\\\/\\\/www.facebook.com\\\/ChildrensDentistrySouthOmaha\\\/\",\"https:\\\/\\\/www.yelp.com\\\/biz\\\/childrens-dentistry-of-south-omaha-omaha\"],\"address\":{\"@id\":\"https:\\\/\\\/www.southomahachildrensdentist.com\\\/es\\\/#postaladdress\",\"@type\":\"PostalAddress\",\"streetAddress\":\"2424 Oak Street,\",\"postalCode\":\"68105\",\"addressLocality\":\"Omaha\",\"addressRegion\":\"Nebraska\",\"addressCountry\":\"US\"}},{\"@type\":\"WebPage\",\"@id\":\"https:\\\/\\\/www.southomahachildrensdentist.com\\\/es\\\/services\\\/general-dentist-for-children\\\/#webpage\",\"url\":\"https:\\\/\\\/www.southomahachildrensdentist.com\\\/es\\\/services\\\/general-dentist-for-children\\\/\",\"name\":\"General Dentist for Children in Omaha | Children's Dentistry of South Omaha\",\"description\":\"The general dentists at Children's Dentistry of South Omaha will work diligently to help your child enjoy a beautiful smile, comfortable oral function, and excellent oral health.\",\"inLanguage\":\"es-MX\",\"isPartOf\":{\"@id\":\"https:\\\/\\\/www.southomahachildrensdentist.com\\\/es\\\/#website\"},\"breadcrumb\":{\"@id\":\"https:\\\/\\\/www.southomahachildrensdentist.com\\\/es\\\/services\\\/general-dentist-for-children\\\/#breadcrumblist\"},\"image\":{\"@type\":\"ImageObject\",\"url\":\"https:\\\/\\\/www.southomahachildrensdentist.com\\\/wp-content\\\/uploads\\\/2024\\\/04\\\/MotherandSonOutdoors.jpg\",\"@id\":\"https:\\\/\\\/www.southomahachildrensdentist.com\\\/es\\\/services\\\/general-dentist-for-children\\\/#mainImage\",\"width\":600,\"height\":600,\"caption\":\"Mother with young son outdoors\"},\"primaryImageOfPage\":{\"@id\":\"https:\\\/\\\/www.southomahachildrensdentist.com\\\/es\\\/services\\\/general-dentist-for-children\\\/#mainImage\"},\"datePublished\":\"2024-04-01T12:19:21-06:00\",\"dateModified\":\"2024-08-14T12:01:54-06:00\"},{\"@type\":\"WebSite\",\"@id\":\"https:\\\/\\\/www.southomahachildrensdentist.com\\\/es\\\/#website\",\"url\":\"https:\\\/\\\/www.southomahachildrensdentist.com\\\/es\\\/\",\"name\":\"Children's Dentistry of South Omaha\",\"alternateName\":\"Children's Dentistry of South Omaha\",\"description\":\"Our dental office is devoted to serving our community and ensuring everyone has affordable access to dental care. We have several payment options available in addition to dental insurance, including Medicaid and CareCredit.\",\"inLanguage\":\"es-MX\",\"publisher\":{\"@id\":\"https:\\\/\\\/www.southomahachildrensdentist.com\\\/es\\\/#organization\"}}]}\n\t\t<\/script>\n\t\t<!-- All in One SEO Pro -->\r\n\t\t<title>General Dentist for Children in Omaha | Children's Dentistry of South Omaha<\/title>\n\n","aioseo_head_json":{"title":"Dentista General para Ni\u00f1os en Omaha | Children's Dentistry of South Omaha","description":"Los dentistas generales en Children's Dentistry of South Omaha trabajar\u00e1 con diligencia para ayudar a su hijo a disfrutar de una hermosa sonrisa, la funci\u00f3n oral c\u00f3modo, y una excelente salud oral.","canonical_url":"https:\/\/www.southomahachildrensdentist.com\/es\/services\/general-dentist-for-children\/","robots":"max-image-preview:large","keywords":"","webmasterTools":{"google-site-verification":"ZiF1GVPDY2HH-J3uifr9ZNTDica4TPOP0TOsFOAs2Jw","miscellaneous":""},"schema":{"@context":"https:\/\/schema.org","@graph":[{"@type":"BreadcrumbList","@id":"https:\/\/www.southomahachildrensdentist.com\/es\/services\/general-dentist-for-children\/#breadcrumblist","itemListElement":[{"@type":"ListItem","@id":"https:\/\/www.southomahachildrensdentist.com\/es#listItem","position":1,"name":"Home","item":"https:\/\/www.southomahachildrensdentist.com\/es","nextItem":{"@type":"ListItem","@id":"https:\/\/www.southomahachildrensdentist.com\/es\/services\/#listItem","name":"Services"}},{"@type":"ListItem","@id":"https:\/\/www.southomahachildrensdentist.com\/es\/services\/#listItem","position":2,"name":"Services","item":"https:\/\/www.southomahachildrensdentist.com\/es\/services\/","nextItem":{"@type":"ListItem","@id":"https:\/\/www.southomahachildrensdentist.com\/es\/services\/general-dentist-for-children\/#listItem","name":"General Dentist for Children"},"previousItem":{"@type":"ListItem","@id":"https:\/\/www.southomahachildrensdentist.com\/es#listItem","name":"Home"}},{"@type":"ListItem","@id":"https:\/\/www.southomahachildrensdentist.com\/es\/services\/general-dentist-for-children\/#listItem","position":3,"name":"General Dentist for Children","previousItem":{"@type":"ListItem","@id":"https:\/\/www.southomahachildrensdentist.com\/es\/services\/#listItem","name":"Services"}}]},{"@type":"Organization","@id":"https:\/\/www.southomahachildrensdentist.com\/es\/#organization","name":"Children's Dentistry of South Omaha","description":"Our dental office is devoted to serving our community and ensuring everyone has affordable access to dental care. We have several payment options available in addition to dental insurance, including Medicaid and CareCredit.","url":"https:\/\/www.southomahachildrensdentist.com\/es\/","email":"info@childrensdentistrysouthomaha.com","telephone":"+14029325553","logo":{"@type":"ImageObject","url":"https:\/\/www.southomahachildrensdentist.com\/wp-content\/uploads\/2024\/08\/Childrens-Dentistry-South-Omaha-2021-Horizontal-02.webp","@id":"https:\/\/www.southomahachildrensdentist.com\/es\/services\/general-dentist-for-children\/#organizationLogo","width":400,"height":100},"image":{"@id":"https:\/\/www.southomahachildrensdentist.com\/es\/services\/general-dentist-for-children\/#organizationLogo"},"sameAs":["https:\/\/www.facebook.com\/ChildrensDentistrySouthOmaha\/","https:\/\/www.yelp.com\/biz\/childrens-dentistry-of-south-omaha-omaha"],"address":{"@id":"https:\/\/www.southomahachildrensdentist.com\/es\/#postaladdress","@type":"PostalAddress","streetAddress":"2424 Oak Street,","postalCode":"68105","addressLocality":"Omaha","addressRegion":"Nebraska","addressCountry":"US"}},{"@type":"WebPage","@id":"https:\/\/www.southomahachildrensdentist.com\/es\/services\/general-dentist-for-children\/#webpage","url":"https:\/\/www.southomahachildrensdentist.com\/es\/services\/general-dentist-for-children\/","name":"General Dentist for Children in Omaha | Children's Dentistry of South Omaha","description":"The general dentists at Children's Dentistry of South Omaha will work diligently to help your child enjoy a beautiful smile, comfortable oral function, and excellent oral health.","inLanguage":"es-MX","isPartOf":{"@id":"https:\/\/www.southomahachildrensdentist.com\/es\/#website"},"breadcrumb":{"@id":"https:\/\/www.southomahachildrensdentist.com\/es\/services\/general-dentist-for-children\/#breadcrumblist"},"image":{"@type":"ImageObject","url":"https:\/\/www.southomahachildrensdentist.com\/wp-content\/uploads\/2024\/04\/MotherandSonOutdoors.jpg","@id":"https:\/\/www.southomahachildrensdentist.com\/es\/services\/general-dentist-for-children\/#mainImage","width":600,"height":600,"caption":"Mother with young son outdoors"},"primaryImageOfPage":{"@id":"https:\/\/www.southomahachildrensdentist.com\/es\/services\/general-dentist-for-children\/#mainImage"},"datePublished":"2024-04-01T12:19:21-06:00","dateModified":"2024-08-14T12:01:54-06:00"},{"@type":"WebSite","@id":"https:\/\/www.southomahachildrensdentist.com\/es\/#website","url":"https:\/\/www.southomahachildrensdentist.com\/es\/","name":"Children's Dentistry of South Omaha","alternateName":"Children's Dentistry of South Omaha","description":"Our dental office is devoted to serving our community and ensuring everyone has affordable access to dental care. We have several payment options available in addition to dental insurance, including Medicaid and CareCredit.","inLanguage":"es-MX","publisher":{"@id":"https:\/\/www.southomahachildrensdentist.com\/es\/#organization"}}]},"og:locale":"es_MX","og:site_name":"Children's Dentistry of South Omaha | Our dental office is devoted to serving our community and ensuring everyone has affordable access to dental care. We have several payment options available in addition to dental insurance, including Medicaid and CareCredit.","og:type":"company","og:title":"General Dentist for Children in Omaha | Children's Dentistry of South Omaha","og:description":"The general dentists at Children's Dentistry of South Omaha will work diligently to help your child enjoy a beautiful smile, comfortable oral function, and excellent oral health.","og:url":"https:\/\/www.southomahachildrensdentist.com\/es\/services\/general-dentist-for-children\/","og:image":"https:\/\/www.southomahachildrensdentist.com\/wp-content\/uploads\/2024\/04\/MotherandSonOutdoors.jpg","og:image:secure_url":"https:\/\/www.southomahachildrensdentist.com\/wp-content\/uploads\/2024\/04\/MotherandSonOutdoors.jpg","og:image:width":600,"og:image:height":600,"twitter:card":"summary_large_image","twitter:title":"General Dentist for Children in Omaha | Children's Dentistry of South Omaha","twitter:description":"The general dentists at Children's Dentistry of South Omaha will work diligently to help your child enjoy a beautiful smile, comfortable oral function, and excellent oral health.","twitter:image":"https:\/\/www.southomahachildrensdentist.com\/wp-content\/uploads\/2024\/08\/Childrens-Dentistry-South-Omaha-2021-Horizontal-02.webp"},"aioseo_meta_data":{"post_id":"3299","title":null,"description":null,"keywords":null,"keyphrases":{"focus":{"keyphrase":"","score":0,"analysis":{"keyphraseInTitle":{"score":0,"maxScore":9,"error":1}}},"additional":[]},"primary_term":null,"canonical_url":null,"og_title":null,"og_description":null,"og_object_type":"default","og_image_type":"default","og_image_url":null,"og_image_width":null,"og_image_height":null,"og_image_custom_url":null,"og_image_custom_fields":null,"og_video":"","og_custom_url":null,"og_article_section":null,"og_article_tags":null,"twitter_use_og":false,"twitter_card":"default","twitter_image_type":"default","twitter_image_url":null,"twitter_image_custom_url":null,"twitter_image_custom_fields":null,"twitter_title":null,"twitter_description":null,"schema":{"blockGraphs":[],"customGraphs":[],"default":{"data":{"Article":[],"Course":[],"Dataset":[],"FAQPage":[],"Movie":[],"Person":[],"Product":[],"ProductReview":[],"Car":[],"Recipe":[],"Service":[],"SoftwareApplication":[],"WebPage":[]},"graphName":"WebPage","isEnabled":true},"graphs":[]},"schema_type":"default","schema_type_options":null,"pillar_content":false,"robots_default":true,"robots_noindex":false,"robots_noarchive":false,"robots_nosnippet":false,"robots_nofollow":false,"robots_noimageindex":false,"robots_noodp":false,"robots_notranslate":false,"robots_max_snippet":"-1","robots_max_videopreview":"-1","robots_max_imagepreview":"large","priority":null,"frequency":"default","local_seo":null,"seo_analyzer_scan_date":"2025-08-14 22:52:21","breadcrumb_settings":null,"limit_modified_date":false,"open_ai":"{\"title\":{\"suggestions\":[],\"usage\":0},\"description\":{\"suggestions\":[],\"usage\":0}}","ai":null,"created":"2024-04-01 19:11:10","updated":"2025-10-21 20:33:36"},"aioseo_breadcrumb":"<div class=\"aioseo-breadcrumbs\"><span class=\"aioseo-breadcrumb\">\n\t<a href=\"https:\/\/www.southomahachildrensdentist.com\/es\" title=\"Home\">Home<\/a>\n<\/span><span class=\"aioseo-breadcrumb-separator\">&raquo;<\/span><span class=\"aioseo-breadcrumb\">\n\t<a href=\"https:\/\/www.southomahachildrensdentist.com\/es\/services\/\" title=\"Services\">Services<\/a>\n<\/span><span class=\"aioseo-breadcrumb-separator\">&raquo;<\/span><span class=\"aioseo-breadcrumb\">\n\tGeneral Dentist for Children\n<\/span><\/div>","aioseo_breadcrumb_json":[{"label":"Home","link":"https:\/\/www.southomahachildrensdentist.com\/es"},{"label":"Services","link":"https:\/\/www.southomahachildrensdentist.com\/es\/services\/"},{"label":"General Dentist for Children","link":"https:\/\/www.southomahachildrensdentist.com\/es\/services\/general-dentist-for-children\/"}],"_links":{"self":[{"href":"https:\/\/www.southomahachildrensdentist.com\/es\/wp-json\/wp\/v2\/pages\/3299","targetHints":{"allow":["GET"]}}],"collection":[{"href":"https:\/\/www.southomahachildrensdentist.com\/es\/wp-json\/wp\/v2\/pages"}],"about":[{"href":"https:\/\/www.southomahachildrensdentist.com\/es\/wp-json\/wp\/v2\/types\/page"}],"author":[{"embeddable":true,"href":"https:\/\/www.southomahachildrensdentist.com\/es\/wp-json\/wp\/v2\/users\/2"}],"replies":[{"embeddable":true,"href":"https:\/\/www.southomahachildrensdentist.com\/es\/wp-json\/wp\/v2\/comments?post=3299"}],"version-history":[{"count":0,"href":"https:\/\/www.southomahachildrensdentist.com\/es\/wp-json\/wp\/v2\/pages\/3299\/revisions"}],"up":[{"embeddable":true,"href":"https:\/\/www.southomahachildrensdentist.com\/es\/wp-json\/wp\/v2\/pages\/45"}],"wp:featuredmedia":[{"embeddable":true,"href":"https:\/\/www.southomahachildrensdentist.com\/es\/wp-json\/wp\/v2\/media\/3307"}],"wp:attachment":[{"href":"https:\/\/www.southomahachildrensdentist.com\/es\/wp-json\/wp\/v2\/media?parent=3299"}],"curies":[{"name":"wp","href":"https:\/\/api.w.org\/{rel}","templated":true}]}}